{"id":891,"date":"2023-11-03T09:31:35","date_gmt":"2023-11-03T08:31:35","guid":{"rendered":"http:\/\/disaba-boragres.com\/?page_id=891"},"modified":"2025-07-22T08:17:48","modified_gmt":"2025-07-22T06:17:48","slug":"proteccion-de-datos","status":"publish","type":"page","link":"https:\/\/disaba-boragres.com\/ca\/proteccion-de-datos\/","title":{"rendered":"Protecci\u00f3n de datos"},"content":{"rendered":"<p>De conformidad con lo que establece la Ley Org\u00e1nica 15\/1999 de Protecci\u00f3n de Datos de Car\u00e1cter Personal (LOPD), y con el Real Decreto 1720\/2007, de 21 de diciembre, por el que se aprueba el Reglamento de desarrollo de la Ley Org\u00e1nica 15\/1999, de 13 de diciembre, de Protecci\u00f3n de Datos de Car\u00e1cter Personal (RDLOPD), DISABA CASTELLAR, S.L. se compromete a adoptar las medidas t\u00e9cnicas y organizativas necesarias, seg\u00fan el nivel de seguridad de los datos recabados, de forma que garanticen la seguridad de los datos de car\u00e1cter personal y eviten su alteraci\u00f3n, p\u00e9rdida, tratamiento o acceso no autorizado.<\/p>\n<p lang=\"es-ES\" align=\"left\"><span style=\"color: #000000;\"><span style=\"font-size: medium;\">Conforme a lo previsto en el art\u00edculo 5 de la LOPD, se informa al Usuario que los datos personales recabados por DISABA CASTELLAR, S.L., mediante los formularios extendidos en sus p\u00e1ginas, ser\u00e1n introducidos en un fichero automatizado bajo la responsabilidad de DISABA CASTELLAR, S.L., y debidamente declarado e inscrito en el Registro General de la Agencia de Protecci\u00f3n de Datos, con la finalidad de poder facilitar, agilizar y cumplir los compromisos establecidos entre ambas partes o el mantenimiento de la relaci\u00f3n que se establezca en los formularios que suscriba o para atender una solicitud o consulta.<\/span><\/span><\/p>\n<p lang=\"es-ES\" align=\"left\"><span style=\"color: #000000;\"><span style=\"font-size: medium;\">Mientras el Usuario no comunique lo contrario a DISABA CASTELLAR, S.L., se entender\u00e1 que sus datos no han sido modificados, que el Usuario se compromete a notificar cualquier variaci\u00f3n y que tiene el consentimiento para utilizarlos para las finalidades determinadas, expl\u00edcitas y leg\u00edtimas para las que se hayan obtenido. Pudiendo incluso ser, adem\u00e1s, utilizados con una finalidad comercial de personalizaci\u00f3n, operativa y estad\u00edstica, y actividades propias de su objeto social, autorizando expresamente a DISABA CASTELLAR, S.L. para la extracci\u00f3n, almacenamiento de datos y estudios de marketing para adecuar el Contenido ofertado al Usuario, y as\u00ed mejorar la calidad, funcionamiento y navegaci\u00f3n por el Sitio Web.<\/span><\/span><\/p>\n<p lang=\"es-ES\" align=\"left\"><span style=\"color: #000000;\"><span style=\"font-size: medium;\">En las ocasiones en las que el Usuario pudiera facilitar sus datos a trav\u00e9s de formularios, con el objeto de realizar consultas, solicitar informaci\u00f3n y\/o por motivos relacionados con el Contenido ofrecido en el Sitio Web, si los datos que facilitara el Usuario fueran imprescindibles para el correcto desarrollo de todo esto, se informar\u00e1 de ello al Usuario indic\u00e1ndole que son datos cuya cumplimentaci\u00f3n es de car\u00e1cter obligatorio.<\/span><\/span><\/p>\n<p lang=\"es-ES\" align=\"left\"><span style=\"color: #000000;\"><span style=\"font-size: medium;\">En caso de no autorizar el tratamiento de sus datos con la finalidad se\u00f1alada en el p\u00e1rrafo(s) anterior(es), el Usuario podr\u00e1 ejercer sus derechos de informaci\u00f3n-acceso, rectificaci\u00f3n, cancelaci\u00f3n y oposici\u00f3n, (Derechos ARCO) de los que dispone y que pueden ser ejercitados ante DISABA CASTELLAR, S.L., de acuerdo con t\u00edtulo el III LOPD y del RDLOPD. Para ello, debe tener en cuenta las siguientes connotaciones:<\/span><\/span><\/p>\n<ul>\n<li>\n<p lang=\"es-ES\" align=\"left\"><span style=\"color: #000000;\"><span style=\"font-size: medium;\">Derecho de Acceso: Es el derecho del Usuario a obtener informaci\u00f3n sobre sus datos concretos de car\u00e1cter personal y del tratamiento que DISABA CASTELLAR, S.L. haya realizado o realice, as\u00ed como de la informaci\u00f3n disponible sobre el origen de dichos datos y las comunicaciones realizadas o previstas de los mismos.<\/span><\/span><\/p>\n<\/li>\n<li>\n<p lang=\"es-ES\" align=\"left\"><span style=\"color: #000000;\"><span style=\"font-size: medium;\">Derecho de Rectificaci\u00f3n: Es el derecho del Usuario a que se modifiquen los datos que, estando dentro del fichero automatizado, resulten ser inexactos o incompletos.<\/span><\/span><\/p>\n<\/li>\n<li>\n<p lang=\"es-ES\" align=\"left\"><span style=\"color: #000000;\"><span style=\"font-size: medium;\">Derecho de Cancelaci\u00f3n: Es el derecho a suprimir los datos de car\u00e1cter personal del Usuario, a excepci\u00f3n de lo previsto en otras leyes aplicables que determinen la obligatoriedad de la conservaci\u00f3n de los mismos, en tiempo y forma.<\/span><\/span><\/p>\n<\/li>\n<li>\n<p lang=\"es-ES\" align=\"left\"><span style=\"color: #000000;\"><span style=\"font-size: medium;\">Derecho de Oposici\u00f3n: Es el derecho del Usuario a que no se lleve a cabo el tratamiento de sus datos de car\u00e1cter personal o se cese el tratamiento de los mismos por parte de DISABA CASTELLAR, S.L.<\/span><\/span><\/p>\n<\/li>\n<\/ul>\n<p lang=\"es-ES\" align=\"left\"><span style=\"color: #000000;\"><span style=\"font-size: medium;\">As\u00ed pues, el Usuario podr\u00e1 ejercitar sus derechos mediante comunicaci\u00f3n escrita dirigida a DISABA CASTELLAR, S.L. con la referencia \u00abLOPD-www.disaba-boragres.com\u00bb, especificando:<\/span><\/span><\/p>\n<ul>\n<li>\n<p lang=\"es-ES\" align=\"left\"><span style=\"color: #000000;\"><span style=\"font-size: medium;\">Nombre, apellidos del Usuario y copia del DNI. En los casos en que se admita la representaci\u00f3n, ser\u00e1 tambi\u00e9n necesaria la identificaci\u00f3n por el mismo medio de la persona que representa al Usuario, as\u00ed como el documento acreditativo de la representaci\u00f3n. La fotocopia del DNI podr\u00e1 ser sustituida, por cualquier otro medio v\u00e1lido en derecho que acredite la identidad.<\/span><\/span><\/p>\n<\/li>\n<li>\n<p lang=\"es-ES\" align=\"left\"><span style=\"color: #000000;\"><span style=\"font-size: medium;\">Petici\u00f3n con los motivos espec\u00edficos de la solicitud o informaci\u00f3n a la que se quiere acceder.<\/span><\/span><\/p>\n<\/li>\n<li>\n<p lang=\"es-ES\" align=\"left\"><span style=\"color: #000000;\"><span style=\"font-size: medium;\">Domicilio a efecto de notificaciones.<\/span><\/span><\/p>\n<\/li>\n<li>\n<p lang=\"es-ES\" align=\"left\"><span style=\"color: #000000;\"><span style=\"font-size: medium;\">Fecha y firma del solicitante.<\/span><\/span><\/p>\n<\/li>\n<li>\n<p lang=\"es-ES\" align=\"left\"><span style=\"color: #000000;\"><span style=\"font-size: medium;\">Todo documento que acredite la petici\u00f3n que formula.<\/span><\/span><\/p>\n<\/li>\n<\/ul>\n<p lang=\"es-ES\" align=\"left\"><span style=\"color: #000000;\"><span style=\"font-size: medium;\">El Usuario deber\u00e1 utilizar un m\u00e9todo de env\u00edo que permita acreditar el env\u00edo y la recepci\u00f3n de la solicitud.<\/span><\/span><\/p>\n<p lang=\"es-ES\" align=\"left\"><span style=\"color: #000000;\"><span style=\"font-size: medium;\">Esta solicitud y todo otro documento adjunto deber\u00e1 enviarse a la siguiente direcci\u00f3n y\/o correo electr\u00f3nico:<\/span><\/span><\/p>\n<p lang=\"es-ES\" align=\"left\"><span style=\"color: #000000;\"><span style=\"font-size: medium;\">Direcci\u00f3n: C\/ Torrent d&#8217;en Baiell, 20<br \/>\nEn Pol. Ind. Can Clapers<br \/>\n08181 Sentmenat (BCN)<br \/>\nEmail: disaba@disaba-boragres.com<\/span><\/span><\/p>\n<p lang=\"es-ES\" align=\"left\"><span style=\"color: #000000;\"><span style=\"font-size: medium;\">DISABA CASTELLAR, S.L. se reserva el derecho a modificar su Pol\u00edtica de Privacidad, de acuerdo a su propio criterio, o motivado por un cambio legislativo, jurisprudencial o doctrinal de la Agencia Espa\u00f1ola de Protecci\u00f3n de Datos. El uso de la Web despu\u00e9s de dichos cambios, implicar\u00e1 la aceptaci\u00f3n de los mismos.<\/span><\/span><\/p>","protected":false},"excerpt":{"rendered":"<p>De conformidad con lo que establece la Ley Org\u00e1nica 15\/1999 de Protecci\u00f3n de Datos de Car\u00e1cter Personal (LOPD), y con el Real Decreto 1720\/2007, de 21 de diciembre, por el que se aprueba el Reglamento de desarrollo de la Ley Org\u00e1nica 15\/1999, de 13 de diciembre, de Protecci\u00f3n de Datos de Car\u00e1cter Personal (RDLOPD), DISABA [&hellip;]<\/p>","protected":false},"author":1,"featured_media":0,"parent":0,"menu_order":0,"comment_status":"closed","ping_status":"closed","template":"","meta":{"_acf_changed":false,"footnotes":""},"class_list":["post-891","page","type-page","status-publish","hentry"],"acf":[],"yoast_head":"<!-- This site is optimized with the Yoast SEO plugin v27.4 - https:\/\/yoast.com\/product\/yoast-seo-wordpress\/ -->\n<title>Protecci\u00f3n de datos - Disaba Castellar, S.L.<\/title>\n<meta name=\"robots\" content=\"index, follow, max-snippet:-1, max-image-preview:large, max-video-preview:-1\" \/>\n<link rel=\"canonical\" href=\"https:\/\/disaba-boragres.com\/ca\/proteccion-de-datos\/\" \/>\n<meta property=\"og:locale\" content=\"ca_ES\" \/>\n<meta property=\"og:type\" content=\"article\" \/>\n<meta property=\"og:title\" content=\"Protecci\u00f3n de datos - Disaba Castellar, S.L.\" \/>\n<meta property=\"og:description\" content=\"De conformidad con lo que establece la Ley Org\u00e1nica 15\/1999 de Protecci\u00f3n de Datos de Car\u00e1cter Personal (LOPD), y con el Real Decreto 1720\/2007, de 21 de diciembre, por el que se aprueba el Reglamento de desarrollo de la Ley Org\u00e1nica 15\/1999, de 13 de diciembre, de Protecci\u00f3n de Datos de Car\u00e1cter Personal (RDLOPD), DISABA [&hellip;]\" \/>\n<meta property=\"og:url\" content=\"https:\/\/disaba-boragres.com\/ca\/proteccion-de-datos\/\" \/>\n<meta property=\"og:site_name\" content=\"Disaba Castellar, S.L.\" \/>\n<meta property=\"article:publisher\" content=\"https:\/\/www.facebook.com\/disabacastellarsl\/\" \/>\n<meta property=\"article:modified_time\" content=\"2025-07-22T06:17:48+00:00\" \/>\n<meta name=\"twitter:card\" content=\"summary_large_image\" \/>\n<meta name=\"twitter:label1\" content=\"Temps estimat de lectura\" \/>\n\t<meta name=\"twitter:data1\" content=\"4 minuts\" \/>\n<script type=\"application\/ld+json\" class=\"yoast-schema-graph\">{\"@context\":\"https:\\\/\\\/schema.org\",\"@graph\":[{\"@type\":\"WebPage\",\"@id\":\"https:\\\/\\\/disaba-boragres.com\\\/proteccion-de-datos\\\/\",\"url\":\"https:\\\/\\\/disaba-boragres.com\\\/proteccion-de-datos\\\/\",\"name\":\"Protecci\u00f3n de datos - Disaba Castellar, S.L.\",\"isPartOf\":{\"@id\":\"https:\\\/\\\/disaba-boragres.com\\\/#website\"},\"datePublished\":\"2023-11-03T08:31:35+00:00\",\"dateModified\":\"2025-07-22T06:17:48+00:00\",\"breadcrumb\":{\"@id\":\"https:\\\/\\\/disaba-boragres.com\\\/proteccion-de-datos\\\/#breadcrumb\"},\"inLanguage\":\"ca\",\"potentialAction\":[{\"@type\":\"ReadAction\",\"target\":[\"https:\\\/\\\/disaba-boragres.com\\\/proteccion-de-datos\\\/\"]}]},{\"@type\":\"BreadcrumbList\",\"@id\":\"https:\\\/\\\/disaba-boragres.com\\\/proteccion-de-datos\\\/#breadcrumb\",\"itemListElement\":[{\"@type\":\"ListItem\",\"position\":1,\"name\":\"Inicio\",\"item\":\"https:\\\/\\\/disaba-boragres.com\\\/\"},{\"@type\":\"ListItem\",\"position\":2,\"name\":\"Protecci\u00f3n de datos\"}]},{\"@type\":\"WebSite\",\"@id\":\"https:\\\/\\\/disaba-boragres.com\\\/#website\",\"url\":\"https:\\\/\\\/disaba-boragres.com\\\/\",\"name\":\"Disaba Castellar, S.L.\",\"description\":\"Productos de limpieza, jardiner\u00eda, brasa y absorbentes.\",\"publisher\":{\"@id\":\"https:\\\/\\\/disaba-boragres.com\\\/#organization\"},\"potentialAction\":[{\"@type\":\"SearchAction\",\"target\":{\"@type\":\"EntryPoint\",\"urlTemplate\":\"https:\\\/\\\/disaba-boragres.com\\\/?s={search_term_string}\"},\"query-input\":{\"@type\":\"PropertyValueSpecification\",\"valueRequired\":true,\"valueName\":\"search_term_string\"}}],\"inLanguage\":\"ca\"},{\"@type\":\"Organization\",\"@id\":\"https:\\\/\\\/disaba-boragres.com\\\/#organization\",\"name\":\"Disaba Castellar, S.L.\",\"url\":\"https:\\\/\\\/disaba-boragres.com\\\/\",\"logo\":{\"@type\":\"ImageObject\",\"inLanguage\":\"ca\",\"@id\":\"https:\\\/\\\/disaba-boragres.com\\\/#\\\/schema\\\/logo\\\/image\\\/\",\"url\":\"https:\\\/\\\/i0.wp.com\\\/disaba-boragres.com\\\/wp-content\\\/uploads\\\/2022\\\/10\\\/logo-DISABA-copia-2.jpg?fit=350%2C108&ssl=1\",\"contentUrl\":\"https:\\\/\\\/i0.wp.com\\\/disaba-boragres.com\\\/wp-content\\\/uploads\\\/2022\\\/10\\\/logo-DISABA-copia-2.jpg?fit=350%2C108&ssl=1\",\"width\":350,\"height\":108,\"caption\":\"Disaba Castellar, S.L.\"},\"image\":{\"@id\":\"https:\\\/\\\/disaba-boragres.com\\\/#\\\/schema\\\/logo\\\/image\\\/\"},\"sameAs\":[\"https:\\\/\\\/www.facebook.com\\\/disabacastellarsl\\\/\"]}]}<\/script>\n<!-- \/ Yoast SEO plugin. -->","yoast_head_json":{"title":"Protecci\u00f3n de datos - Disaba Castellar, S.L.","robots":{"index":"index","follow":"follow","max-snippet":"max-snippet:-1","max-image-preview":"max-image-preview:large","max-video-preview":"max-video-preview:-1"},"canonical":"https:\/\/disaba-boragres.com\/ca\/proteccion-de-datos\/","og_locale":"ca_ES","og_type":"article","og_title":"Protecci\u00f3n de datos - Disaba Castellar, S.L.","og_description":"De conformidad con lo que establece la Ley Org\u00e1nica 15\/1999 de Protecci\u00f3n de Datos de Car\u00e1cter Personal (LOPD), y con el Real Decreto 1720\/2007, de 21 de diciembre, por el que se aprueba el Reglamento de desarrollo de la Ley Org\u00e1nica 15\/1999, de 13 de diciembre, de Protecci\u00f3n de Datos de Car\u00e1cter Personal (RDLOPD), DISABA [&hellip;]","og_url":"https:\/\/disaba-boragres.com\/ca\/proteccion-de-datos\/","og_site_name":"Disaba Castellar, S.L.","article_publisher":"https:\/\/www.facebook.com\/disabacastellarsl\/","article_modified_time":"2025-07-22T06:17:48+00:00","twitter_card":"summary_large_image","twitter_misc":{"Temps estimat de lectura":"4 minuts"},"schema":{"@context":"https:\/\/schema.org","@graph":[{"@type":"WebPage","@id":"https:\/\/disaba-boragres.com\/proteccion-de-datos\/","url":"https:\/\/disaba-boragres.com\/proteccion-de-datos\/","name":"Protecci\u00f3n de datos - Disaba Castellar, S.L.","isPartOf":{"@id":"https:\/\/disaba-boragres.com\/#website"},"datePublished":"2023-11-03T08:31:35+00:00","dateModified":"2025-07-22T06:17:48+00:00","breadcrumb":{"@id":"https:\/\/disaba-boragres.com\/proteccion-de-datos\/#breadcrumb"},"inLanguage":"ca","potentialAction":[{"@type":"ReadAction","target":["https:\/\/disaba-boragres.com\/proteccion-de-datos\/"]}]},{"@type":"BreadcrumbList","@id":"https:\/\/disaba-boragres.com\/proteccion-de-datos\/#breadcrumb","itemListElement":[{"@type":"ListItem","position":1,"name":"Inicio","item":"https:\/\/disaba-boragres.com\/"},{"@type":"ListItem","position":2,"name":"Protecci\u00f3n de datos"}]},{"@type":"WebSite","@id":"https:\/\/disaba-boragres.com\/#website","url":"https:\/\/disaba-boragres.com\/","name":"Disaba Castellar, S.L.","description":"Productos de limpieza, jardiner\u00eda, brasa y absorbentes.","publisher":{"@id":"https:\/\/disaba-boragres.com\/#organization"},"potentialAction":[{"@type":"SearchAction","target":{"@type":"EntryPoint","urlTemplate":"https:\/\/disaba-boragres.com\/?s={search_term_string}"},"query-input":{"@type":"PropertyValueSpecification","valueRequired":true,"valueName":"search_term_string"}}],"inLanguage":"ca"},{"@type":"Organization","@id":"https:\/\/disaba-boragres.com\/#organization","name":"Disaba Castellar, S.L.","url":"https:\/\/disaba-boragres.com\/","logo":{"@type":"ImageObject","inLanguage":"ca","@id":"https:\/\/disaba-boragres.com\/#\/schema\/logo\/image\/","url":"https:\/\/i0.wp.com\/disaba-boragres.com\/wp-content\/uploads\/2022\/10\/logo-DISABA-copia-2.jpg?fit=350%2C108&ssl=1","contentUrl":"https:\/\/i0.wp.com\/disaba-boragres.com\/wp-content\/uploads\/2022\/10\/logo-DISABA-copia-2.jpg?fit=350%2C108&ssl=1","width":350,"height":108,"caption":"Disaba Castellar, S.L."},"image":{"@id":"https:\/\/disaba-boragres.com\/#\/schema\/logo\/image\/"},"sameAs":["https:\/\/www.facebook.com\/disabacastellarsl\/"]}]}},"jetpack_sharing_enabled":true,"jetpack_shortlink":"https:\/\/wp.me\/P8rGoc-en","_links":{"self":[{"href":"https:\/\/disaba-boragres.com\/ca\/wp-json\/wp\/v2\/pages\/891","targetHints":{"allow":["GET"]}}],"collection":[{"href":"https:\/\/disaba-boragres.com\/ca\/wp-json\/wp\/v2\/pages"}],"about":[{"href":"https:\/\/disaba-boragres.com\/ca\/wp-json\/wp\/v2\/types\/page"}],"author":[{"embeddable":true,"href":"https:\/\/disaba-boragres.com\/ca\/wp-json\/wp\/v2\/users\/1"}],"replies":[{"embeddable":true,"href":"https:\/\/disaba-boragres.com\/ca\/wp-json\/wp\/v2\/comments?post=891"}],"version-history":[{"count":5,"href":"https:\/\/disaba-boragres.com\/ca\/wp-json\/wp\/v2\/pages\/891\/revisions"}],"predecessor-version":[{"id":3254,"href":"https:\/\/disaba-boragres.com\/ca\/wp-json\/wp\/v2\/pages\/891\/revisions\/3254"}],"wp:attachment":[{"href":"https:\/\/disaba-boragres.com\/ca\/wp-json\/wp\/v2\/media?parent=891"}],"curies":[{"name":"wp","href":"https:\/\/api.w.org\/{rel}","templated":true}]}}