{"id":436,"date":"2023-11-03T09:31:32","date_gmt":"2023-11-03T08:31:32","guid":{"rendered":"http:\/\/disaba-boragres.com\/?page_id=436"},"modified":"2025-07-24T12:44:28","modified_gmt":"2025-07-24T10:44:28","slug":"bonsol-abono-organo-mineral","status":"publish","type":"page","link":"https:\/\/disaba-boragres.com\/ca\/productos\/jardineria\/abonos\/bonsol-abono-organo-mineral\/","title":{"rendered":"BONSOL Compost Organo-Mineral"},"content":{"rendered":"<p>Abono granulado de liberaci\u00f3n lenta con efecto r\u00e1pido y permanente. A diferencia de los abonos compuestos minerales, contiene adem\u00e1s un porcentaje de materia org\u00e1nica (biol\u00f3gica), lo que contribuye a la conservaci\u00f3n del suelo. Es adecuado para todo tipo de plantas y cultivos: macetas, jardineras, huertos, \u00e1rboles, c\u00e9sped, setos, parterres, etc.<\/p>\n<p>Contenido: 1,2 kg (cubo) | Uds.\/caja: 12 | C\u00f3digo: 5087<br \/>\nContenido: 2,0 kg (cubo) | Uds.\/caja: 8 | C\u00f3digo: 5086<br \/>\nContenido: 3,5 kg (cubo) | Uds.\/caja: 6| C\u00f3digo: 5085<br \/>\nContenido: 8,0 kg (cubo) | Uds.\/caja: 4 | C\u00f3digo: 5084<\/p>","protected":false},"excerpt":{"rendered":"<p>Abono granulado de liberaci\u00f3n lenta con efecto r\u00e1pido y permanente. A diferencia de los abonos compuestos minerales, contiene adem\u00e1s un porcentaje de materia org\u00e1nica (biol\u00f3gica), lo que contribuye a la conservaci\u00f3n del suelo. Es adecuado para todo tipo de plantas y cultivos: macetas, jardineras, huertos, \u00e1rboles, c\u00e9sped, setos, parterres, etc. Contenido: 1,2 kg (cubo) | [&hellip;]<\/p>","protected":false},"author":1,"featured_media":3209,"parent":352,"menu_order":2,"comment_status":"closed","ping_status":"closed","template":"","meta":{"_acf_changed":false,"footnotes":""},"class_list":["post-436","page","type-page","status-publish","has-post-thumbnail","hentry"],"acf":[],"yoast_head":"<!-- This site is optimized with the Yoast SEO plugin v27.4 - https:\/\/yoast.com\/product\/yoast-seo-wordpress\/ -->\n<title>BONSOL Abono Organo-Mineral - Disaba Castellar, S.L.<\/title>\n<meta name=\"robots\" content=\"index, follow, max-snippet:-1, max-image-preview:large, max-video-preview:-1\" \/>\n<link rel=\"canonical\" href=\"https:\/\/disaba-boragres.com\/ca\/productos\/jardineria\/abonos\/bonsol-abono-organo-mineral\/\" \/>\n<meta property=\"og:locale\" content=\"ca_ES\" \/>\n<meta property=\"og:type\" content=\"article\" \/>\n<meta property=\"og:title\" content=\"BONSOL Abono Organo-Mineral - Disaba Castellar, S.L.\" \/>\n<meta property=\"og:description\" content=\"Abono granulado de liberaci\u00f3n lenta con efecto r\u00e1pido y permanente. A diferencia de los abonos compuestos minerales, contiene adem\u00e1s un porcentaje de materia org\u00e1nica (biol\u00f3gica), lo que contribuye a la conservaci\u00f3n del suelo. Es adecuado para todo tipo de plantas y cultivos: macetas, jardineras, huertos, \u00e1rboles, c\u00e9sped, setos, parterres, etc. Contenido: 1,2 kg (cubo) | [&hellip;]\" \/>\n<meta property=\"og:url\" content=\"https:\/\/disaba-boragres.com\/ca\/productos\/jardineria\/abonos\/bonsol-abono-organo-mineral\/\" \/>\n<meta property=\"og:site_name\" content=\"Disaba Castellar, S.L.\" \/>\n<meta property=\"article:publisher\" content=\"https:\/\/www.facebook.com\/disabacastellarsl\/\" \/>\n<meta property=\"article:modified_time\" content=\"2025-07-24T10:44:28+00:00\" \/>\n<meta property=\"og:image\" content=\"https:\/\/disaba-boragres.com\/wp-content\/uploads\/2023\/10\/ABONO-ORGANO-MINERAL-170x110-1.png\" \/>\n\t<meta property=\"og:image:width\" content=\"2000\" \/>\n\t<meta property=\"og:image:height\" content=\"1294\" \/>\n\t<meta property=\"og:image:type\" content=\"image\/png\" \/>\n<meta name=\"twitter:card\" content=\"summary_large_image\" \/>\n<meta name=\"twitter:label1\" content=\"Temps estimat de lectura\" \/>\n\t<meta name=\"twitter:data1\" content=\"1 minut\" \/>\n<script type=\"application\/ld+json\" class=\"yoast-schema-graph\">{\"@context\":\"https:\\\/\\\/schema.org\",\"@graph\":[{\"@type\":\"WebPage\",\"@id\":\"https:\\\/\\\/disaba-boragres.com\\\/productos\\\/jardineria\\\/abonos\\\/bonsol-abono-organo-mineral\\\/\",\"url\":\"https:\\\/\\\/disaba-boragres.com\\\/productos\\\/jardineria\\\/abonos\\\/bonsol-abono-organo-mineral\\\/\",\"name\":\"BONSOL Abono Organo-Mineral - Disaba Castellar, S.L.\",\"isPartOf\":{\"@id\":\"https:\\\/\\\/disaba-boragres.com\\\/#website\"},\"primaryImageOfPage\":{\"@id\":\"https:\\\/\\\/disaba-boragres.com\\\/productos\\\/jardineria\\\/abonos\\\/bonsol-abono-organo-mineral\\\/#primaryimage\"},\"image\":{\"@id\":\"https:\\\/\\\/disaba-boragres.com\\\/productos\\\/jardineria\\\/abonos\\\/bonsol-abono-organo-mineral\\\/#primaryimage\"},\"thumbnailUrl\":\"https:\\\/\\\/i0.wp.com\\\/disaba-boragres.com\\\/wp-content\\\/uploads\\\/2023\\\/10\\\/ABONO-ORGANO-MINERAL-170x110-1.png?fit=2000%2C1294&ssl=1\",\"datePublished\":\"2023-11-03T08:31:32+00:00\",\"dateModified\":\"2025-07-24T10:44:28+00:00\",\"breadcrumb\":{\"@id\":\"https:\\\/\\\/disaba-boragres.com\\\/productos\\\/jardineria\\\/abonos\\\/bonsol-abono-organo-mineral\\\/#breadcrumb\"},\"inLanguage\":\"ca\",\"potentialAction\":[{\"@type\":\"ReadAction\",\"target\":[\"https:\\\/\\\/disaba-boragres.com\\\/productos\\\/jardineria\\\/abonos\\\/bonsol-abono-organo-mineral\\\/\"]}]},{\"@type\":\"ImageObject\",\"inLanguage\":\"ca\",\"@id\":\"https:\\\/\\\/disaba-boragres.com\\\/productos\\\/jardineria\\\/abonos\\\/bonsol-abono-organo-mineral\\\/#primaryimage\",\"url\":\"https:\\\/\\\/i0.wp.com\\\/disaba-boragres.com\\\/wp-content\\\/uploads\\\/2023\\\/10\\\/ABONO-ORGANO-MINERAL-170x110-1.png?fit=2000%2C1294&ssl=1\",\"contentUrl\":\"https:\\\/\\\/i0.wp.com\\\/disaba-boragres.com\\\/wp-content\\\/uploads\\\/2023\\\/10\\\/ABONO-ORGANO-MINERAL-170x110-1.png?fit=2000%2C1294&ssl=1\",\"width\":2000,\"height\":1294,\"caption\":\"Bonsol Abono Organo-Mineral Disaba Castellar SL\"},{\"@type\":\"BreadcrumbList\",\"@id\":\"https:\\\/\\\/disaba-boragres.com\\\/productos\\\/jardineria\\\/abonos\\\/bonsol-abono-organo-mineral\\\/#breadcrumb\",\"itemListElement\":[{\"@type\":\"ListItem\",\"position\":1,\"name\":\"Inicio\",\"item\":\"https:\\\/\\\/disaba-boragres.com\\\/\"},{\"@type\":\"ListItem\",\"position\":2,\"name\":\"Productos\",\"item\":\"https:\\\/\\\/disaba-boragres.com\\\/productos\\\/\"},{\"@type\":\"ListItem\",\"position\":3,\"name\":\"Jardiner\u00eda\",\"item\":\"https:\\\/\\\/disaba-boragres.com\\\/productos\\\/jardineria\\\/\"},{\"@type\":\"ListItem\",\"position\":4,\"name\":\"Abonos\",\"item\":\"https:\\\/\\\/disaba-boragres.com\\\/productos\\\/jardineria\\\/abonos\\\/\"},{\"@type\":\"ListItem\",\"position\":5,\"name\":\"BONSOL Abono Organo-Mineral\"}]},{\"@type\":\"WebSite\",\"@id\":\"https:\\\/\\\/disaba-boragres.com\\\/#website\",\"url\":\"https:\\\/\\\/disaba-boragres.com\\\/\",\"name\":\"Disaba Castellar, S.L.\",\"description\":\"Productos de limpieza, jardiner\u00eda, brasa y absorbentes.\",\"publisher\":{\"@id\":\"https:\\\/\\\/disaba-boragres.com\\\/#organization\"},\"potentialAction\":[{\"@type\":\"SearchAction\",\"target\":{\"@type\":\"EntryPoint\",\"urlTemplate\":\"https:\\\/\\\/disaba-boragres.com\\\/?s={search_term_string}\"},\"query-input\":{\"@type\":\"PropertyValueSpecification\",\"valueRequired\":true,\"valueName\":\"search_term_string\"}}],\"inLanguage\":\"ca\"},{\"@type\":\"Organization\",\"@id\":\"https:\\\/\\\/disaba-boragres.com\\\/#organization\",\"name\":\"Disaba Castellar, S.L.\",\"url\":\"https:\\\/\\\/disaba-boragres.com\\\/\",\"logo\":{\"@type\":\"ImageObject\",\"inLanguage\":\"ca\",\"@id\":\"https:\\\/\\\/disaba-boragres.com\\\/#\\\/schema\\\/logo\\\/image\\\/\",\"url\":\"https:\\\/\\\/i0.wp.com\\\/disaba-boragres.com\\\/wp-content\\\/uploads\\\/2022\\\/10\\\/logo-DISABA-copia-2.jpg?fit=350%2C108&ssl=1\",\"contentUrl\":\"https:\\\/\\\/i0.wp.com\\\/disaba-boragres.com\\\/wp-content\\\/uploads\\\/2022\\\/10\\\/logo-DISABA-copia-2.jpg?fit=350%2C108&ssl=1\",\"width\":350,\"height\":108,\"caption\":\"Disaba Castellar, S.L.\"},\"image\":{\"@id\":\"https:\\\/\\\/disaba-boragres.com\\\/#\\\/schema\\\/logo\\\/image\\\/\"},\"sameAs\":[\"https:\\\/\\\/www.facebook.com\\\/disabacastellarsl\\\/\"]}]}<\/script>\n<!-- \/ Yoast SEO plugin. -->","yoast_head_json":{"title":"BONSOL Abono Organo-Mineral - Disaba Castellar, S.L.","robots":{"index":"index","follow":"follow","max-snippet":"max-snippet:-1","max-image-preview":"max-image-preview:large","max-video-preview":"max-video-preview:-1"},"canonical":"https:\/\/disaba-boragres.com\/ca\/productos\/jardineria\/abonos\/bonsol-abono-organo-mineral\/","og_locale":"ca_ES","og_type":"article","og_title":"BONSOL Abono Organo-Mineral - Disaba Castellar, S.L.","og_description":"Abono granulado de liberaci\u00f3n lenta con efecto r\u00e1pido y permanente. A diferencia de los abonos compuestos minerales, contiene adem\u00e1s un porcentaje de materia org\u00e1nica (biol\u00f3gica), lo que contribuye a la conservaci\u00f3n del suelo. Es adecuado para todo tipo de plantas y cultivos: macetas, jardineras, huertos, \u00e1rboles, c\u00e9sped, setos, parterres, etc. Contenido: 1,2 kg (cubo) | [&hellip;]","og_url":"https:\/\/disaba-boragres.com\/ca\/productos\/jardineria\/abonos\/bonsol-abono-organo-mineral\/","og_site_name":"Disaba Castellar, S.L.","article_publisher":"https:\/\/www.facebook.com\/disabacastellarsl\/","article_modified_time":"2025-07-24T10:44:28+00:00","og_image":[{"width":2000,"height":1294,"url":"https:\/\/disaba-boragres.com\/wp-content\/uploads\/2023\/10\/ABONO-ORGANO-MINERAL-170x110-1.png","type":"image\/png"}],"twitter_card":"summary_large_image","twitter_misc":{"Temps estimat de lectura":"1 minut"},"schema":{"@context":"https:\/\/schema.org","@graph":[{"@type":"WebPage","@id":"https:\/\/disaba-boragres.com\/productos\/jardineria\/abonos\/bonsol-abono-organo-mineral\/","url":"https:\/\/disaba-boragres.com\/productos\/jardineria\/abonos\/bonsol-abono-organo-mineral\/","name":"BONSOL Abono Organo-Mineral - Disaba Castellar, S.L.","isPartOf":{"@id":"https:\/\/disaba-boragres.com\/#website"},"primaryImageOfPage":{"@id":"https:\/\/disaba-boragres.com\/productos\/jardineria\/abonos\/bonsol-abono-organo-mineral\/#primaryimage"},"image":{"@id":"https:\/\/disaba-boragres.com\/productos\/jardineria\/abonos\/bonsol-abono-organo-mineral\/#primaryimage"},"thumbnailUrl":"https:\/\/i0.wp.com\/disaba-boragres.com\/wp-content\/uploads\/2023\/10\/ABONO-ORGANO-MINERAL-170x110-1.png?fit=2000%2C1294&ssl=1","datePublished":"2023-11-03T08:31:32+00:00","dateModified":"2025-07-24T10:44:28+00:00","breadcrumb":{"@id":"https:\/\/disaba-boragres.com\/productos\/jardineria\/abonos\/bonsol-abono-organo-mineral\/#breadcrumb"},"inLanguage":"ca","potentialAction":[{"@type":"ReadAction","target":["https:\/\/disaba-boragres.com\/productos\/jardineria\/abonos\/bonsol-abono-organo-mineral\/"]}]},{"@type":"ImageObject","inLanguage":"ca","@id":"https:\/\/disaba-boragres.com\/productos\/jardineria\/abonos\/bonsol-abono-organo-mineral\/#primaryimage","url":"https:\/\/i0.wp.com\/disaba-boragres.com\/wp-content\/uploads\/2023\/10\/ABONO-ORGANO-MINERAL-170x110-1.png?fit=2000%2C1294&ssl=1","contentUrl":"https:\/\/i0.wp.com\/disaba-boragres.com\/wp-content\/uploads\/2023\/10\/ABONO-ORGANO-MINERAL-170x110-1.png?fit=2000%2C1294&ssl=1","width":2000,"height":1294,"caption":"Bonsol Abono Organo-Mineral Disaba Castellar SL"},{"@type":"BreadcrumbList","@id":"https:\/\/disaba-boragres.com\/productos\/jardineria\/abonos\/bonsol-abono-organo-mineral\/#breadcrumb","itemListElement":[{"@type":"ListItem","position":1,"name":"Inicio","item":"https:\/\/disaba-boragres.com\/"},{"@type":"ListItem","position":2,"name":"Productos","item":"https:\/\/disaba-boragres.com\/productos\/"},{"@type":"ListItem","position":3,"name":"Jardiner\u00eda","item":"https:\/\/disaba-boragres.com\/productos\/jardineria\/"},{"@type":"ListItem","position":4,"name":"Abonos","item":"https:\/\/disaba-boragres.com\/productos\/jardineria\/abonos\/"},{"@type":"ListItem","position":5,"name":"BONSOL Abono Organo-Mineral"}]},{"@type":"WebSite","@id":"https:\/\/disaba-boragres.com\/#website","url":"https:\/\/disaba-boragres.com\/","name":"Disaba Castellar, S.L.","description":"Productos de limpieza, jardiner\u00eda, brasa y absorbentes.","publisher":{"@id":"https:\/\/disaba-boragres.com\/#organization"},"potentialAction":[{"@type":"SearchAction","target":{"@type":"EntryPoint","urlTemplate":"https:\/\/disaba-boragres.com\/?s={search_term_string}"},"query-input":{"@type":"PropertyValueSpecification","valueRequired":true,"valueName":"search_term_string"}}],"inLanguage":"ca"},{"@type":"Organization","@id":"https:\/\/disaba-boragres.com\/#organization","name":"Disaba Castellar, S.L.","url":"https:\/\/disaba-boragres.com\/","logo":{"@type":"ImageObject","inLanguage":"ca","@id":"https:\/\/disaba-boragres.com\/#\/schema\/logo\/image\/","url":"https:\/\/i0.wp.com\/disaba-boragres.com\/wp-content\/uploads\/2022\/10\/logo-DISABA-copia-2.jpg?fit=350%2C108&ssl=1","contentUrl":"https:\/\/i0.wp.com\/disaba-boragres.com\/wp-content\/uploads\/2022\/10\/logo-DISABA-copia-2.jpg?fit=350%2C108&ssl=1","width":350,"height":108,"caption":"Disaba Castellar, S.L."},"image":{"@id":"https:\/\/disaba-boragres.com\/#\/schema\/logo\/image\/"},"sameAs":["https:\/\/www.facebook.com\/disabacastellarsl\/"]}]}},"jetpack_sharing_enabled":true,"jetpack_shortlink":"https:\/\/wp.me\/P8rGoc-72","_links":{"self":[{"href":"https:\/\/disaba-boragres.com\/ca\/wp-json\/wp\/v2\/pages\/436","targetHints":{"allow":["GET"]}}],"collection":[{"href":"https:\/\/disaba-boragres.com\/ca\/wp-json\/wp\/v2\/pages"}],"about":[{"href":"https:\/\/disaba-boragres.com\/ca\/wp-json\/wp\/v2\/types\/page"}],"author":[{"embeddable":true,"href":"https:\/\/disaba-boragres.com\/ca\/wp-json\/wp\/v2\/users\/1"}],"replies":[{"embeddable":true,"href":"https:\/\/disaba-boragres.com\/ca\/wp-json\/wp\/v2\/comments?post=436"}],"version-history":[{"count":28,"href":"https:\/\/disaba-boragres.com\/ca\/wp-json\/wp\/v2\/pages\/436\/revisions"}],"predecessor-version":[{"id":4912,"href":"https:\/\/disaba-boragres.com\/ca\/wp-json\/wp\/v2\/pages\/436\/revisions\/4912"}],"up":[{"embeddable":true,"href":"https:\/\/disaba-boragres.com\/ca\/wp-json\/wp\/v2\/pages\/352"}],"wp:featuredmedia":[{"embeddable":true,"href":"https:\/\/disaba-boragres.com\/ca\/wp-json\/wp\/v2\/media\/3209"}],"wp:attachment":[{"href":"https:\/\/disaba-boragres.com\/ca\/wp-json\/wp\/v2\/media?parent=436"}],"curies":[{"name":"wp","href":"https:\/\/api.w.org\/{rel}","templated":true}]}}